{"id":789,"date":"2024-12-04T14:02:30","date_gmt":"2024-12-04T13:02:30","guid":{"rendered":"http:\/\/www.luvego.nl\/ueber-uns\/"},"modified":"2025-05-23T16:48:44","modified_gmt":"2025-05-23T14:48:44","slug":"ueber-uns","status":"publish","type":"page","link":"https:\/\/www.luvego.nl\/de\/ueber-uns\/","title":{"rendered":"\u00dcber uns"},"content":{"rendered":"\n<section id=\"block_7407da3995dbd92ed778e6dc2d349ae5\" class=\"p-section-large overflow-hidden align wp-block-acf-hero has-background has-grey-background-color\">\n  \n   <img loading=\"lazy\" decoding=\"async\" width=\"2560\" height=\"1706\" src=\"https:\/\/www.luvego.nl\/wp-content\/uploads\/2024\/12\/4-scaled.jpg\" class=\"hero-image absolute top-0 left-[20%] w-4\/5 h-full object-cover object-center z-0 img-fluid\" alt=\"\" srcset=\"https:\/\/www.luvego.nl\/wp-content\/uploads\/2024\/12\/4-scaled.jpg 2560w, https:\/\/www.luvego.nl\/wp-content\/uploads\/2024\/12\/4-300x200.jpg 300w, https:\/\/www.luvego.nl\/wp-content\/uploads\/2024\/12\/4-1024x683.jpg 1024w, https:\/\/www.luvego.nl\/wp-content\/uploads\/2024\/12\/4-768x512.jpg 768w, https:\/\/www.luvego.nl\/wp-content\/uploads\/2024\/12\/4-1536x1024.jpg 1536w, https:\/\/www.luvego.nl\/wp-content\/uploads\/2024\/12\/4-2048x1365.jpg 2048w, https:\/\/www.luvego.nl\/wp-content\/uploads\/2024\/12\/4-1920x1280.jpg 1920w\" sizes=\"auto, (max-width: 2560px) 100vw, 2560px\" \/>\n   <div class=\"absolute top-0 left-0 z-10 w-full h-full bg-gradient-to-r from-brand-primary-80 from-20% to-75%\"><\/div>\n\n   <div class=\"container relative z-20 mb-20\">\n      <div class=\"md:w-3\/4 lg:w-1\/2\">\n         <div class=\"acf-innerblocks-container\">\n\n<h1 class=\"wp-block-heading\">\u00dcber uns<\/h1>\n\n\n\n<p>Bei Luvego finden Sie Produkte f\u00fcr zu Hause und unterwegs, von Staubsaugerbeuteln bis zu leistungsstarken Powerbanks. Wir glauben, dass Qualit\u00e4t und Funktionalit\u00e4t f\u00fcr jeden erschwinglich sein sollten. Unsere innovativen L\u00f6sungen machen Ihr t\u00e4gliches Leben einfacher und komfortabler, egal wo Sie sind. Bei Luvego erhalten Sie garantiert Qualit\u00e4t zu einem fairen Preis.   <\/p>\n\n<\/div>      <\/div>\n   <\/div>\n<\/section>\n<section id=\"block_b23e0e17b0199f1b67c1764fc9733165\" class=\"m-section align wp-block-acf-section\">\n   <div class=\"container \">\n            <div class=\"acf-innerblocks-container\">\n\n<div id=\"block_6cfb29862dbfe86e66d78669e2a40411\" class=\"align wp-block-acf-content\">\n   <div class=\"p-8 mx-auto bg-white md:p-12 md:w-5\/6 content shadow-soft\">\n      <div class=\"acf-innerblocks-container\">\n\n<h2 class=\"wp-block-heading\">Luvego, f\u00fcr zu Hause und ausw\u00e4rts<\/h2>\n\n\n\n<p>Sie gehen auf eine Reise und haben keinen Platz mehr in Ihrem Koffer? Oder bleiben Sie einfach zu Hause auf der Couch? Wir haben die Produkte, nach denen Sie suchen. Vakuum-Rolltaschen, um Platz in Ihrer Tasche oder Ihrem Koffer zu sparen und elektrische W\u00e4rmedecken f\u00fcr die Couch!   <\/p>\n\n\n\n<div id=\"block_140edfb3b183196280d909da08120fc9\" class=\"relative h-full overflow-hidden bg-white aspect-video video-container align wp-block-acf-video\">\n\n   <div class=\"aspect-ratio-16-9 video-container parallax-shadow\">\n      <img loading=\"lazy\" decoding=\"async\" width=\"1024\" height=\"535\" src=\"https:\/\/www.luvego.nl\/wp-content\/uploads\/2024\/12\/Scherm\u00adafbeelding-2024-12-04-om-14.51.56-1024x535.png\" class=\"video-placeholder img-fluid\" alt=\"\" data-video=\"https:\/\/www.youtube.com\/embed\/4EBStGHHN5w?si=U5N6CXmg4lWvUEp1\" srcset=\"https:\/\/www.luvego.nl\/wp-content\/uploads\/2024\/12\/Scherm\u00adafbeelding-2024-12-04-om-14.51.56-1024x535.png 1024w, https:\/\/www.luvego.nl\/wp-content\/uploads\/2024\/12\/Scherm\u00adafbeelding-2024-12-04-om-14.51.56-300x157.png 300w, https:\/\/www.luvego.nl\/wp-content\/uploads\/2024\/12\/Scherm\u00adafbeelding-2024-12-04-om-14.51.56-768x402.png 768w, https:\/\/www.luvego.nl\/wp-content\/uploads\/2024\/12\/Scherm\u00adafbeelding-2024-12-04-om-14.51.56-1536x803.png 1536w, https:\/\/www.luvego.nl\/wp-content\/uploads\/2024\/12\/Scherm\u00adafbeelding-2024-12-04-om-14.51.56-2048x1071.png 2048w, https:\/\/www.luvego.nl\/wp-content\/uploads\/2024\/12\/Scherm\u00adafbeelding-2024-12-04-om-14.51.56-1920x1004.png 1920w\" sizes=\"auto, (max-width: 1024px) 100vw, 1024px\" \/>      <div class=\"video-toggle\">\n         <i class=\"fas fa-play\"><\/i>\n      <\/div>\n   <\/div>\n\n<\/div>\n<\/div>   <\/div>\n<\/div>\n<\/div>   <\/div>\n<\/section>\n<section id=\"block_38d9e1eee29edc4ab433b8acaea28037\" class=\"p-section align wp-block-acf-section has-background has-grey-background-color\">\n   <div class=\"container \">\n      <div class=\"w-full mx-auto lg:w-3\/4\"><h2 class=\"section-title\">Mission &amp; Vision<\/h2><\/div>      <div class=\"acf-innerblocks-container\">\n\n<div id=\"block_6cfb29862dbfe86e66d78669e2a40411\" class=\"align wp-block-acf-content\">\n   <div class=\"p-8 mx-auto bg-white md:p-12 md:w-5\/6 content shadow-soft\">\n      <div class=\"acf-innerblocks-container\">\n\n<div class=\"wp-block-columns is-layout-flex wp-container-core-columns-is-layout-9d6595d7 wp-block-columns-is-layout-flex\">\n<div class=\"wp-block-column is-layout-flow wp-block-column-is-layout-flow\">\n<h3 class=\"wp-block-heading\">Mission<\/h3>\n\n\n\n<p>Wir bei Luvego sind bestrebt, hochwertige Haushalts- und Outdoor-Produkte zu erschwinglichen Preisen f\u00fcr alle zug\u00e4nglich zu machen. Wir bieten unseren Kunden innovative L\u00f6sungen, die ihr Leben einfacher und bequemer machen. Durch engagierten Kundenservice und schnelle Lieferungen m\u00f6chten wir ein zuverl\u00e4ssiger Partner f\u00fcr alle Ihre t\u00e4glichen Bed\u00fcrfnisse sein.  <\/p>\n<\/div>\n\n\n\n<div class=\"wp-block-column is-layout-flow wp-block-column-is-layout-flow\">\n<h3 class=\"wp-block-heading\">Vision<\/h3>\n\n\n\n<p>Luvego hat sich zum Ziel gesetzt, in Europa eine f\u00fchrende Marke f\u00fcr erschwingliche und innovative Heim- und Outdoor-Produkte zu werden. Wir wollen kontinuierlich wachsen und unsere Pr\u00e4senz ausbauen, unser Sortiment erneuern und verbessern, um Qualit\u00e4t f\u00fcr alle zug\u00e4nglich zu machen. <\/p>\n<\/div>\n<\/div>\n\n<\/div>   <\/div>\n<\/div>\n<\/div>   <\/div>\n<\/section>\n<section id=\"block_0d8dd16b3780b092837c8ca8b2c4301a\" class=\"m-section align wp-block-acf-section\">\n   <div class=\"container \">\n      <div class=\"w-full mx-auto lg:w-3\/4\"><h2 class=\"section-title\">Luvego<\/h2><\/div>      <div class=\"acf-innerblocks-container\">\n\n\n<\/div>   <\/div>\n<\/section>\n<section id=\"block_99543a66ab6f1bf2c40d3d263c35b867\" class=\"p-section align wp-block-acf-section has-background has-grey-background-color\">\n   <div class=\"container \">\n      <div class=\"w-full mx-auto lg:w-3\/4\"><h2 class=\"section-title\">Innovation &amp; Qualit\u00e4t<\/h2><\/div>      <div class=\"acf-innerblocks-container\">\n\n<div id=\"block_6cfb29862dbfe86e66d78669e2a40411\" class=\"align wp-block-acf-content\">\n   <div class=\"p-8 mx-auto bg-white md:p-12 md:w-5\/6 content shadow-soft\">\n      <div class=\"acf-innerblocks-container\">\n\n<div class=\"wp-block-columns is-layout-flex wp-container-core-columns-is-layout-9d6595d7 wp-block-columns-is-layout-flex\">\n<div class=\"wp-block-column is-layout-flow wp-block-column-is-layout-flow\">\n<h3 class=\"wp-block-heading\">Innovativ<\/h3>\n\n\n\n<p>Wir bei Luvego sind bestrebt, hochwertige Haushalts- und Outdoor-Produkte zu erschwinglichen Preisen f\u00fcr alle zug\u00e4nglich zu machen.<\/p>\n\n\n\n<h3 class=\"wp-block-heading\">Verl\u00e4sslichkeit<\/h3>\n\n\n\n<p>ieden unsere Kunden innovative L\u00f6sungen, die ihr Leben einfacher und bequemer machen. Indem wir sie stabiler machen. Durch    <\/p>\n<\/div>\n\n\n\n<div class=\"wp-block-column is-layout-flow wp-block-column-is-layout-flow\">\n<h3 class=\"wp-block-heading\">Wachstum<\/h3>\n\n\n\n<p>Wir bei Luvego sind bestrebt, hochwertige Haushalts- und Outdoor-Produkte zu erschwinglichen Preisen f\u00fcr alle zug\u00e4nglich zu machen.<\/p>\n\n\n\n<h3 class=\"wp-block-heading\">Qualit\u00e4t<\/h3>\n\n\n\n<p>Luvego m\u00f6chte in Europa eine f\u00fchrende Marke f\u00fcr erschwingliche und innovative Produkte f\u00fcr Haus und Garten werden. Unser Ziel ist es   <\/p>\n<\/div>\n<\/div>\n\n<\/div>   <\/div>\n<\/div>\n<\/div>   <\/div>\n<\/section>\n<section id=\"block_b23e0e17b0199f1b67c1764fc9733165\" class=\"m-section align wp-block-acf-section\">\n   <div class=\"container \">\n            <div class=\"acf-innerblocks-container\">\n\n<div id=\"block_bc891a61f50087b4b7c688f0a54523c1\" class=\"align wp-block-acf-cta\">\n   <div class=\"absolute top-0 left-0 w-full h-full bg-brand-grey -z-10\"><\/div>\n   <div class=\"flex flex-col w-full bg-white md:flex-row content shadow-soft\">\n\n      <div class=\"relative md:w-1\/2\">\n         <img loading=\"lazy\" decoding=\"async\" width=\"1024\" height=\"576\" src=\"https:\/\/www.luvego.nl\/wp-content\/uploads\/2024\/12\/bolderkar-1024x576.jpg\" class=\"hero-image md:absolute top-0 left-0 w-full h-full object-cover aspect-video img-fluid\" alt=\"\" srcset=\"https:\/\/www.luvego.nl\/wp-content\/uploads\/2024\/12\/bolderkar-1024x576.jpg 1024w, https:\/\/www.luvego.nl\/wp-content\/uploads\/2024\/12\/bolderkar-300x169.jpg 300w, https:\/\/www.luvego.nl\/wp-content\/uploads\/2024\/12\/bolderkar-768x432.jpg 768w, https:\/\/www.luvego.nl\/wp-content\/uploads\/2024\/12\/bolderkar-1536x864.jpg 1536w, https:\/\/www.luvego.nl\/wp-content\/uploads\/2024\/12\/bolderkar.jpg 1920w\" sizes=\"auto, (max-width: 1024px) 100vw, 1024px\" \/>      <\/div>\n\n      <div class=\"p-12 md:w-1\/2\">\n         <div class=\"acf-innerblocks-container\">\n\n<h2 class=\"wp-block-heading\">Haben Sie Fragen? Kontaktieren Sie uns. <\/h2>\n\n\n\n<p>Haben Sie eine Frage zu einem Produkt oder ist bei Ihrer Bestellung etwas schief gelaufen? Dann kontaktieren Sie uns bitte. <\/p>\n\n\n\n   <ul id=\"block_75710870e9da90f984c809efa5d8ade2\" class=\"align wp-block-acf-icon-list\">\n      \n         \n         <li class=\"flex items-center gap-4 p-0 before:hidden\">\n            <i class=\"fa-solid w-[40px] h-[40px] bg-brand-primary text-white flex items-center justify-center fa-classic fa-solid fa-globe\" aria-hidden=\"true\"><\/i>\n            <p><a class=\"ql-link\" href=\"https:\/\/www.luvego.nl\/de\/\" target=\"_blank\" rel=\"noopener noreferrer\">www.luvego.nl<\/a><\/p>\n         <\/li>\n      \n         \n         <li class=\"flex items-center gap-4 p-0 before:hidden\">\n            <i class=\"fa-solid w-[40px] h-[40px] bg-brand-primary text-white flex items-center justify-center fa-classic fa-regular fa-envelope\" aria-hidden=\"true\"><\/i>\n            <p><a href=\"mailto:info@luvego.nl\" target=\"_blank\" rel=\"noopener\">info@luvego.nl<\/a><\/p>\n         <\/li>\n      \n         \n         <li class=\"flex items-center gap-4 p-0 before:hidden\">\n            <i class=\"fa-solid w-[40px] h-[40px] bg-brand-primary text-white flex items-center justify-center fa-classic fa-solid fa-location-dot\" aria-hidden=\"true\"><\/i>\n            <p>Tilburg, die Niederlande<\/p>\n         <\/li>\n         <\/ul>\n\n<\/div>      <\/div>\n\n   <\/div>\n<\/div>\n<\/div>   <\/div>\n<\/section>","protected":false},"excerpt":{"rendered":"","protected":false},"author":2,"featured_media":0,"parent":0,"menu_order":0,"comment_status":"closed","ping_status":"closed","template":"","meta":{"_acf_changed":false,"footnotes":""},"class_list":["post-789","page","type-page","status-publish","hentry"],"acf":[],"yoast_head":"<!-- This site is optimized with the Yoast SEO plugin v25.9 - https:\/\/yoast.com\/wordpress\/plugins\/seo\/ -->\n<title>\u00dcber uns - Luvego<\/title>\n<meta name=\"robots\" content=\"index, follow, max-snippet:-1, max-image-preview:large, max-video-preview:-1\" \/>\n<link rel=\"canonical\" href=\"https:\/\/www.luvego.nl\/over-ons\/\" \/>\n<meta property=\"og:locale\" content=\"de_DE\" \/>\n<meta property=\"og:type\" content=\"article\" \/>\n<meta property=\"og:title\" content=\"\u00dcber uns - Luvego\" \/>\n<meta property=\"og:url\" content=\"https:\/\/www.luvego.nl\/over-ons\/\" \/>\n<meta property=\"og:site_name\" content=\"Luvego\" \/>\n<meta property=\"article:modified_time\" content=\"2025-05-23T14:48:44+00:00\" \/>\n<meta name=\"twitter:card\" content=\"summary_large_image\" \/>\n<meta name=\"twitter:label1\" content=\"Gesch\u00e4tzte Lesezeit\" \/>\n\t<meta name=\"twitter:data1\" content=\"2\u00a0Minuten\" \/>\n<script type=\"application\/ld+json\" class=\"yoast-schema-graph\">{\"@context\":\"https:\/\/schema.org\",\"@graph\":[{\"@type\":\"WebPage\",\"@id\":\"https:\/\/www.luvego.nl\/over-ons\/\",\"url\":\"https:\/\/www.luvego.nl\/over-ons\/\",\"name\":\"\u00dcber uns - Luvego\",\"isPartOf\":{\"@id\":\"https:\/\/www.luvego.nl\/#website\"},\"datePublished\":\"2024-12-04T13:02:30+00:00\",\"dateModified\":\"2025-05-23T14:48:44+00:00\",\"breadcrumb\":{\"@id\":\"https:\/\/www.luvego.nl\/over-ons\/#breadcrumb\"},\"inLanguage\":\"de\",\"potentialAction\":[{\"@type\":\"ReadAction\",\"target\":[\"https:\/\/www.luvego.nl\/over-ons\/\"]}]},{\"@type\":\"BreadcrumbList\",\"@id\":\"https:\/\/www.luvego.nl\/over-ons\/#breadcrumb\",\"itemListElement\":[{\"@type\":\"ListItem\",\"position\":1,\"name\":\"Home\",\"item\":\"https:\/\/www.luvego.nl\/\"},{\"@type\":\"ListItem\",\"position\":2,\"name\":\"\u00dcber uns\"}]},{\"@type\":\"WebSite\",\"@id\":\"https:\/\/www.luvego.nl\/#website\",\"url\":\"https:\/\/www.luvego.nl\/\",\"name\":\"Luvego\",\"description\":\"voor thuis en onderweg\",\"potentialAction\":[{\"@type\":\"SearchAction\",\"target\":{\"@type\":\"EntryPoint\",\"urlTemplate\":\"https:\/\/www.luvego.nl\/?s={search_term_string}\"},\"query-input\":{\"@type\":\"PropertyValueSpecification\",\"valueRequired\":true,\"valueName\":\"search_term_string\"}}],\"inLanguage\":\"de\"}]}<\/script>\n<!-- \/ Yoast SEO plugin. -->","yoast_head_json":{"title":"\u00dcber uns - Luvego","robots":{"index":"index","follow":"follow","max-snippet":"max-snippet:-1","max-image-preview":"max-image-preview:large","max-video-preview":"max-video-preview:-1"},"canonical":"https:\/\/www.luvego.nl\/over-ons\/","og_locale":"de_DE","og_type":"article","og_title":"\u00dcber uns - Luvego","og_url":"https:\/\/www.luvego.nl\/over-ons\/","og_site_name":"Luvego","article_modified_time":"2025-05-23T14:48:44+00:00","twitter_card":"summary_large_image","twitter_misc":{"Gesch\u00e4tzte Lesezeit":"2\u00a0Minuten"},"schema":{"@context":"https:\/\/schema.org","@graph":[{"@type":"WebPage","@id":"https:\/\/www.luvego.nl\/over-ons\/","url":"https:\/\/www.luvego.nl\/over-ons\/","name":"\u00dcber uns - Luvego","isPartOf":{"@id":"https:\/\/www.luvego.nl\/#website"},"datePublished":"2024-12-04T13:02:30+00:00","dateModified":"2025-05-23T14:48:44+00:00","breadcrumb":{"@id":"https:\/\/www.luvego.nl\/over-ons\/#breadcrumb"},"inLanguage":"de","potentialAction":[{"@type":"ReadAction","target":["https:\/\/www.luvego.nl\/over-ons\/"]}]},{"@type":"BreadcrumbList","@id":"https:\/\/www.luvego.nl\/over-ons\/#breadcrumb","itemListElement":[{"@type":"ListItem","position":1,"name":"Home","item":"https:\/\/www.luvego.nl\/"},{"@type":"ListItem","position":2,"name":"\u00dcber uns"}]},{"@type":"WebSite","@id":"https:\/\/www.luvego.nl\/#website","url":"https:\/\/www.luvego.nl\/","name":"Luvego","description":"voor thuis en onderweg","potentialAction":[{"@type":"SearchAction","target":{"@type":"EntryPoint","urlTemplate":"https:\/\/www.luvego.nl\/?s={search_term_string}"},"query-input":{"@type":"PropertyValueSpecification","valueRequired":true,"valueName":"search_term_string"}}],"inLanguage":"de"}]}},"_links":{"self":[{"href":"https:\/\/www.luvego.nl\/de\/wp-json\/wp\/v2\/pages\/789","targetHints":{"allow":["GET"]}}],"collection":[{"href":"https:\/\/www.luvego.nl\/de\/wp-json\/wp\/v2\/pages"}],"about":[{"href":"https:\/\/www.luvego.nl\/de\/wp-json\/wp\/v2\/types\/page"}],"author":[{"embeddable":true,"href":"https:\/\/www.luvego.nl\/de\/wp-json\/wp\/v2\/users\/2"}],"replies":[{"embeddable":true,"href":"https:\/\/www.luvego.nl\/de\/wp-json\/wp\/v2\/comments?post=789"}],"version-history":[{"count":2,"href":"https:\/\/www.luvego.nl\/de\/wp-json\/wp\/v2\/pages\/789\/revisions"}],"predecessor-version":[{"id":823,"href":"https:\/\/www.luvego.nl\/de\/wp-json\/wp\/v2\/pages\/789\/revisions\/823"}],"wp:attachment":[{"href":"https:\/\/www.luvego.nl\/de\/wp-json\/wp\/v2\/media?parent=789"}],"curies":[{"name":"wp","href":"https:\/\/api.w.org\/{rel}","templated":true}]}}